{"id":1005427,"date":"2025-04-25T18:56:44","date_gmt":"2025-04-25T18:56:44","guid":{"rendered":"https:\/\/maufl.edu\/veteranos-y-militares-en-activo\/"},"modified":"2026-02-27T02:05:21","modified_gmt":"2026-02-27T02:05:21","slug":"veteranos-y-militares-en-activo","status":"publish","type":"page","link":"https:\/\/maufl.edu\/es\/veteranos-y-militares-en-activo\/","title":{"rendered":"Veteranos y militares en activo"},"content":{"rendered":"<p>[et_pb_section fb_built=\u00bb1&#8243; admin_label=\u00bbHeader\u00bb _builder_version=\u00bb4.27.4&#8243; _module_preset=\u00bbdefault\u00bb use_background_color_gradient=\u00bbon\u00bb background_color_gradient_stops=\u00bbrgba(255,255,255,0) 0%|#1c3585 100%\u00bb background_color_gradient_overlays_image=\u00bbon\u00bb background_image=\u00bbhttps:\/\/maufl.edu\/wp-content\/uploads\/2025\/11\/MAUAdmissions.webp\u00bb height=\u00bb300px\u00bb custom_padding=\u00bb10vw||0px||false|false\u00bb locked=\u00bboff\u00bb collapsed=\u00bbon\u00bb global_colors_info=\u00bb{}\u00bb][et_pb_row _builder_version=\u00bb4.27.4&#8243; _module_preset=\u00bbdefault\u00bb custom_margin=\u00bb||0px||false|false\u00bb custom_padding=\u00bb||0px||false|false\u00bb global_colors_info=\u00bb{}\u00bb][et_pb_column type=\u00bb4_4&#8243; _builder_version=\u00bb4.27.4&#8243; _module_preset=\u00bbdefault\u00bb global_colors_info=\u00bb{}\u00bb][et_pb_text _builder_version=\u00bb4.27.5&#8243; _module_preset=\u00bbdefault\u00bb header_font=\u00bb|700|||||||\u00bb header_text_color=\u00bb#FFFFFF\u00bb header_font_size=\u00bb50px\u00bb custom_margin=\u00bb||||false|false\u00bb custom_margin_tablet=\u00bb120px||||false|false\u00bb custom_margin_phone=\u00bb120px||||false|false\u00bb custom_margin_last_edited=\u00bbon|tablet\u00bb header_font_size_tablet=\u00bb50px\u00bb header_font_size_phone=\u00bb40px\u00bb header_font_size_last_edited=\u00bbon|phone\u00bb global_colors_info=\u00bb{}\u00bb]<\/p>\n<h1>Veteranos y militares en activo<\/h1>\n<p>[\/et_pb_text][\/et_pb_column][\/et_pb_row][\/et_pb_section][et_pb_section fb_built=\u00bb1&#8243; _builder_version=\u00bb4.27.4&#8243; _module_preset=\u00bbdefault\u00bb background_enable_mask_style=\u00bbon\u00bb background_mask_style=\u00bbdiagonal-bars\u00bb background_mask_color=\u00bb#ffd350&#8243; background_mask_transform=\u00bbinvert|flip_vertical\u00bb custom_padding=\u00bb0px||||false|false\u00bb global_colors_info=\u00bb{}\u00bb][et_pb_row _builder_version=\u00bb4.27.4&#8243; _module_preset=\u00bbdefault\u00bb global_colors_info=\u00bb{}\u00bb][et_pb_column type=\u00bb4_4&#8243; _builder_version=\u00bb4.27.4&#8243; _module_preset=\u00bbdefault\u00bb global_colors_info=\u00bb{}\u00bb][dsm_breadcrumbs items_bg_color=\u00bbRGBA(255,255,255,0)\u00bb separator_bg_color=\u00bbRGBA(255,255,255,0)\u00bb current_bg_color=\u00bbRGBA(255,255,255,0)\u00bb _builder_version=\u00bb4.27.4&#8243; _module_preset=\u00bbdefault\u00bb items_text_color=\u00bb#1c3585&#8243; home_icon_text_color=\u00bb#1c3585&#8243; separators_text_color=\u00bb#1c3585&#8243; current_text_color=\u00bb#1c3585&#8243; custom_margin=\u00bb0px||||false|false\u00bb custom_padding=\u00bb||50px||false|false\u00bb locked=\u00bboff\u00bb global_colors_info=\u00bb{}\u00bb][\/dsm_breadcrumbs][et_pb_text _builder_version=\u00bb4.27.5&#8243; _module_preset=\u00bbdefault\u00bb global_colors_info=\u00bb{}\u00bb]<\/p>\n<h2>En 2011, Millennia Atlantic University se uni\u00f3 al Programa Yellow Ribbon administrado por el Departamento de Asuntos de Veteranos de Florida.<\/h2>\n<p>&nbsp;<\/p>\n<p>MAU invita a los veteranos y miembros del servicio de los Estados Unidos a presentar su solicitud. Para obtener m\u00e1s informaci\u00f3n sobre la <b><span>GI Bill\u00ae<\/span><\/b>, llame al 1-888-GI-BILL1 (442-4551) o p\u00f3ngase en contacto con el Departamento de Servicios Financieros de MAU para determinar qu\u00e9 beneficios militares o de asuntos de veteranos puede solicitar para su educaci\u00f3n. Millennia Atlantic University respeta a los miembros de nuestro servicio militar y agradece a nuestros veteranos su continuo sacrificio. Nos comprometemos a hacer todo lo posible para ayudar a nuestros veteranos en el proceso de solicitud y matriculaci\u00f3n.   <\/p>\n<p><small> Millennia Atlantic University est\u00e1 convenientemente situada cerca del <a href=\"https:\/\/www.southcom.mil\/\" target=\"_blank\" rel=\"noopener noreferrer nofollow\">Comando Sur de los Estados Unidos.<\/a><\/small><\/p>\n<p>&nbsp;<\/p>\n<p>[\/et_pb_text][et_pb_button button_url=\u00bb@ET-DC@eyJkeW5hbWljIjp0cnVlLCJjb250ZW50IjoicG9zdF9saW5rX3VybF9wYWdlIiwic2V0dGluZ3MiOnsicG9zdF9pZCI6IjUwMDA4OCIsImVuYWJsZV9odG1sIjoib2ZmIn19@\u00bb button_text=\u00bbInicie su solicitud ahora\u00bb button_alignment=\u00bbcenter\u00bb _builder_version=\u00bb4.27.4&#8243; _dynamic_attributes=\u00bbbutton_url\u00bb _module_preset=\u00bbb9fe0e71-4167-4431-9be4-2c4eb3cb4e0d\u00bb button_text_size=\u00bb16px\u00bb button_text_color=\u00bb#ffd350&#8243; button_bg_color=\u00bb#1c3585&#8243; button_border_color=\u00bb#1c3585&#8243; button_icon_color=\u00bb#1c3585&#8243; button_text_size_tablet=\u00bb16px\u00bb button_text_size_phone=\u00bb14px\u00bb button_text_size_last_edited=\u00bbon|phone\u00bb locked=\u00bboff\u00bb global_colors_info=\u00bb{}\u00bb][\/et_pb_button][et_pb_text _builder_version=\u00bb4.27.4&#8243; _module_preset=\u00bbdefault\u00bb header_font=\u00bb|700|||||||\u00bb header_text_color=\u00bb#1c3585&#8243; header_font_size=\u00bb50px\u00bb header_2_font=\u00bb|700|||||||\u00bb header_2_text_align=\u00bbcenter\u00bb header_2_text_color=\u00bb#1c3585&#8243; header_3_font=\u00bb|700|||||||\u00bb header_3_font_size=\u00bb38px\u00bb background_color=\u00bbRGBA(255,255,255,0)\u00bb max_width=\u00bb900px\u00bb module_alignment=\u00bbcenter\u00bb custom_padding=\u00bb10px|10px|10px|10px|true|true\u00bb locked=\u00bboff\u00bb global_colors_info=\u00bb{}\u00bb]<\/p>\n<h2>\u201cConsiga a las personas adecuadas. Entonces, sin importar qu\u00e9 m\u00e1s pueda hacer mal despu\u00e9s de eso, la gente le salvar\u00e1. De eso trata la gesti\u00f3n\u201d. &#8211; Tom DeMarco<\/h2>\n<p>[\/et_pb_text][\/et_pb_column][\/et_pb_row][\/et_pb_section][et_pb_section fb_built=\u00bb1&#8243; _builder_version=\u00bb4.27.4&#8243; _module_preset=\u00bbdefault\u00bb background_image=\u00bbhttps:\/\/maufl.edu\/wp-content\/uploads\/2025\/11\/Admissions-frontdesk.webp\u00bb parallax=\u00bbon\u00bb height=\u00bb500px\u00bb height_tablet=\u00bb350px\u00bb height_phone=\u00bb250px\u00bb height_last_edited=\u00bbon|tablet\u00bb locked=\u00bboff\u00bb global_colors_info=\u00bb{}\u00bb][\/et_pb_section][et_pb_section fb_built=\u00bb1&#8243; admin_label=\u00bbFooter\u00bb _builder_version=\u00bb4.27.5&#8243; _module_preset=\u00bbdefault\u00bb background_color=\u00bb#1c3585&#8243; custom_margin=\u00bb0px||0px||true|false\u00bb global_module=\u00bb500225&#8243; saved_tabs=\u00bball\u00bb locked=\u00bboff\u00bb collapsed=\u00bboff\u00bb global_colors_info=\u00bb{}\u00bb][et_pb_row column_structure=\u00bb1_3,1_3,1_3&#8243; _builder_version=\u00bb4.27.5&#8243; _module_preset=\u00bbdefault\u00bb global_colors_info=\u00bb{}\u00bb][et_pb_column type=\u00bb1_3&#8243; _builder_version=\u00bb4.19.1&#8243; _module_preset=\u00bbdefault\u00bb global_colors_info=\u00bb{}\u00bb][et_pb_text _builder_version=\u00bb4.27.5&#8243; _module_preset=\u00bbdefault\u00bb global_colors_info=\u00bb{}\u00bb]<\/p>\n<p><img loading=\"lazy\" decoding=\"async\" src=\"https:\/\/maufl.edu\/wp-content\/uploads\/2025\/08\/Bicolor-vertical-301.webp\" width=\"123\" height=\"123\" alt=\"Millennia Atlantic University\" class=\"wp-image-1001188 alignnone size-full\" title=\"\" srcset=\"https:\/\/maufl.edu\/wp-content\/uploads\/2025\/08\/Bicolor-vertical-301.webp 300w, https:\/\/maufl.edu\/wp-content\/uploads\/2025\/08\/Bicolor-vertical-301-150x150.webp 150w\" sizes=\"(max-width: 123px) 100vw, 123px\" \/>        <img loading=\"lazy\" decoding=\"async\" src=\"https:\/\/maufl.edu\/wp-content\/uploads\/2025\/05\/accsc-seal-of-excellence-300x300.png\" width=\"103\" height=\"103\" alt=\"Escuela de Excelencia ACCSC\" class=\"wp-image-500652 alignnone size-medium\" title=\"\"><\/p>\n<p>[\/et_pb_text][et_pb_text _builder_version=\u00bb4.27.4&#8243; _module_preset=\u00bbfcee7eac-88bc-42e1-98af-98330640b046&#8243; header_3_text_color=\u00bb#FFFFFF\u00bb custom_margin=\u00bb||0px||false|false\u00bb global_colors_info=\u00bb{}\u00bb]<\/p>\n<h3>Millennia Atlantic University<\/h3>\n<p>[\/et_pb_text][et_pb_text _builder_version=\u00bb4.27.4&#8243; _module_preset=\u00bbdefault\u00bb text_text_color=\u00bb#FFFFFF\u00bb link_text_color=\u00bb#FFFFFF\u00bb custom_margin=\u00bb||10px||false|false\u00bb locked=\u00bboff\u00bb global_colors_info=\u00bb{}\u00bb]<\/p>\n<p><a href=\"https:\/\/g.page\/MillenniaAtlanticU?share\" target=\"_blank\" rel=\"noopener\">3801 NW 97th Avenue,<\/a><br \/><a href=\"https:\/\/g.page\/MillenniaAtlanticU?share\" target=\"_blank\" rel=\"noopener\">Doral, FL 33178<\/a><\/p>\n<p>[\/et_pb_text][et_pb_text _builder_version=\u00bb4.27.4&#8243; _module_preset=\u00bbdefault\u00bb text_text_color=\u00bb#FFFFFF\u00bb link_text_color=\u00bb#FFFFFF\u00bb custom_margin=\u00bb||10px||false|false\u00bb locked=\u00bboff\u00bb global_colors_info=\u00bb{}\u00bb]<a href=\"mailto:#\">admissions@maufl.edu<\/a>[\/et_pb_text][et_pb_text _builder_version=\u00bb4.27.4&#8243; _module_preset=\u00bbdefault\u00bb text_text_color=\u00bb#FFFFFF\u00bb link_text_color=\u00bb#FFFFFF\u00bb custom_margin=\u00bb||10px||false|false\u00bb locked=\u00bboff\u00bb global_colors_info=\u00bb{}\u00bb]<\/p>\n<p><a href=\"tel:+17863311000\" rel=\"nofollow\">+1 786-331-1000<\/a><\/p>\n<p>[\/et_pb_text][et_pb_social_media_follow _builder_version=\u00bb4.27.4&#8243; _module_preset=\u00bbdefault\u00bb custom_margin=\u00bb30px||||false|false\u00bb global_colors_info=\u00bb{}\u00bb][et_pb_social_media_follow_network social_network=\u00bbfacebook\u00bb url=\u00bbhttps:\/\/www.facebook.com\/MillenniaAtlanticU\u00bb _builder_version=\u00bb4.27.4&#8243; _module_preset=\u00bbdefault\u00bb global_colors_info=\u00bb{}\u00bb follow_button=\u00bboff\u00bb url_new_window=\u00bbon\u00bb]facebook[\/et_pb_social_media_follow_network][et_pb_social_media_follow_network social_network=\u00bbtwitter\u00bb url=\u00bbhttps:\/\/twitter.com\/MAU_FL\u00bb _builder_version=\u00bb4.27.4&#8243; _module_preset=\u00bbdefault\u00bb global_colors_info=\u00bb{}\u00bb follow_button=\u00bboff\u00bb url_new_window=\u00bbon\u00bb]twitter[\/et_pb_social_media_follow_network][et_pb_social_media_follow_network social_network=\u00bbinstagram\u00bb url=\u00bbhttps:\/\/www.instagram.com\/mau_fl\/\u00bb _builder_version=\u00bb4.27.4&#8243; _module_preset=\u00bbdefault\u00bb global_colors_info=\u00bb{}\u00bb follow_button=\u00bboff\u00bb url_new_window=\u00bbon\u00bb]instagram[\/et_pb_social_media_follow_network][et_pb_social_media_follow_network social_network=\u00bbwhatsapp\u00bb url=\u00bbhttps:\/\/wa.me\/17867088733&#8243; _builder_version=\u00bb4.27.4&#8243; _module_preset=\u00bbdefault\u00bb background_color=\u00bb#25D366&#8243; custom_css_social_icon=\u00bbbackground-color: transparent !important;\u00bb global_colors_info=\u00bb{}\u00bb follow_button=\u00bboff\u00bb url_new_window=\u00bbon\u00bb]whatsapp[\/et_pb_social_media_follow_network][et_pb_social_media_follow_network social_network=\u00bbyoutube\u00bb url=\u00bbhttps:\/\/www.youtube.com\/user\/MillenniaAtlanticU\u00bb _builder_version=\u00bb4.27.4&#8243; _module_preset=\u00bbdefault\u00bb background_color=\u00bb#a82400&#8243; custom_css_social_icon=\u00bbbackground-color: transparent !important;\u00bb global_colors_info=\u00bb{}\u00bb follow_button=\u00bboff\u00bb url_new_window=\u00bbon\u00bb]youtube[\/et_pb_social_media_follow_network][et_pb_social_media_follow_network social_network=\u00bblinkedin\u00bb url=\u00bbhttps:\/\/www.linkedin.com\/school\/millennia-atlantic-university\u00bb _builder_version=\u00bb4.27.4&#8243; _module_preset=\u00bbdefault\u00bb background_color=\u00bb#007bb6&#8243; custom_css_social_icon=\u00bbbackground-color: transparent !important;\u00bb global_colors_info=\u00bb{}\u00bb follow_button=\u00bboff\u00bb url_new_window=\u00bbon\u00bb]linkedin[\/et_pb_social_media_follow_network][\/et_pb_social_media_follow][\/et_pb_column][et_pb_column type=\u00bb1_3&#8243; _builder_version=\u00bb4.19.1&#8243; _module_preset=\u00bbdefault\u00bb global_colors_info=\u00bb{}\u00bb][et_pb_text _builder_version=\u00bb4.27.4&#8243; _module_preset=\u00bb855337e7-3a50-43d0-8885-895a03dd2869&#8243; header_4_font=\u00bb|600|||||||\u00bb header_4_text_color=\u00bb#FFFFFF\u00bb custom_margin=\u00bb10px||10px||true|false\u00bb custom_padding=\u00bb20px||||false|false\u00bb border_color_all=\u00bbrgba(255,255,255,0.2)\u00bb border_width_top=\u00bb1px\u00bb global_colors_info=\u00bb{}\u00bb]<\/p>\n<h4>Explore MAU<\/h4>\n<p>[\/et_pb_text][et_pb_text _builder_version=\u00bb4.27.5&#8243; _module_preset=\u00bbdefault\u00bb text_text_color=\u00bb#FFFFFF\u00bb link_text_color=\u00bb#FFFFFF\u00bb custom_margin=\u00bb||10px||false|false\u00bb link_option_url=\u00bbhttps:\/\/maufl.edu\/es\/historia-de-mau\/\u00bb global_colors_info=\u00bb{}\u00bb]<\/p>\n<p>Acerca de MAU<\/p>\n<p>[\/et_pb_text][et_pb_text _builder_version=\u00bb4.27.5&#8243; _module_preset=\u00bbdefault\u00bb text_text_color=\u00bb#FFFFFF\u00bb link_text_color=\u00bb#FFFFFF\u00bb custom_margin=\u00bb||10px||false|false\u00bb global_colors_info=\u00bb{}\u00bb]<\/p>\n<p>Programas acad\u00e9micos<\/p>\n<p>[\/et_pb_text][et_pb_text _builder_version=\u00bb4.27.5&#8243; _module_preset=\u00bbdefault\u00bb text_text_color=\u00bb#FFFFFF\u00bb link_text_color=\u00bb#FFFFFF\u00bb custom_margin=\u00bb||10px||false|false\u00bb link_option_url=\u00bbhttps:\/\/mauathletics.com\/\u00bb global_colors_info=\u00bb{}\u00bb]<\/p>\n<p>Atletismo<\/p>\n<p>[\/et_pb_text][et_pb_text _builder_version=\u00bb4.27.5&#8243; _module_preset=\u00bbdefault\u00bb text_text_color=\u00bb#FFFFFF\u00bb link_text_color=\u00bb#FFFFFF\u00bb custom_margin=\u00bb||10px||false|false\u00bb link_option_url=\u00bbhttps:\/\/maufl.edu\/es\/notas-de-prensa-y-alertas\/\u00bb global_colors_info=\u00bb{}\u00bb]<\/p>\n<p>Noticias y alertas<\/p>\n<p>[\/et_pb_text][et_pb_text _builder_version=\u00bb4.27.5&#8243; _module_preset=\u00bbdefault\u00bb text_text_color=\u00bb#FFFFFF\u00bb link_text_color=\u00bb#FFFFFF\u00bb custom_margin=\u00bb||10px||false|false\u00bb link_option_url=\u00bbhttps:\/\/maufl.edu\/es\/blog-de-guacamayos\/\u00bb global_colors_info=\u00bb{}\u00bb]<\/p>\n<p>Blog de MACAWS<\/p>\n<p>[\/et_pb_text][et_pb_text _builder_version=\u00bb4.27.5&#8243; _module_preset=\u00bbdefault\u00bb text_text_color=\u00bb#FFFFFF\u00bb link_text_color=\u00bb#FFFFFF\u00bb custom_margin=\u00bb||10px||false|false\u00bb link_option_url=\u00bbhttps:\/\/maufl.edu\/es\/servicios-estudiantiles\/\u00bb global_colors_info=\u00bb{}\u00bb]<\/p>\n<p>Servicios estudiantiles<\/p>\n<p>[\/et_pb_text][et_pb_text _builder_version=\u00bb4.27.5&#8243; _dynamic_attributes=\u00bblink_option_url\u00bb _module_preset=\u00bbdefault\u00bb text_text_color=\u00bb#FFFFFF\u00bb link_text_color=\u00bb#FFFFFF\u00bb custom_margin=\u00bb||40px||false|false\u00bb link_option_url=\u00bb@ET-DC@eyJkeW5hbWljIjp0cnVlLCJjb250ZW50IjoicG9zdF9saW5rX3VybF9wYWdlIiwic2V0dGluZ3MiOnsicG9zdF9pZCI6IjUwMDA2NCIsImVuYWJsZV9odG1sIjoib2ZmIn19@\u00bb global_colors_info=\u00bb{}\u00bb]<\/p>\n<p>Cont\u00e1ctenos<\/p>\n<p>[\/et_pb_text][et_pb_text _builder_version=\u00bb4.27.4&#8243; _module_preset=\u00bb855337e7-3a50-43d0-8885-895a03dd2869&#8243; header_4_font=\u00bb|600|||||||\u00bb header_4_text_color=\u00bb#FFFFFF\u00bb custom_margin=\u00bb10px||10px||true|false\u00bb custom_padding=\u00bb20px||||false|false\u00bb border_color_all=\u00bbrgba(255,255,255,0.2)\u00bb border_width_top=\u00bb1px\u00bb locked=\u00bboff\u00bb global_colors_info=\u00bb{}\u00bb]<\/p>\n<h4>Admisiones<\/h4>\n<p>[\/et_pb_text][et_pb_text _builder_version=\u00bb4.27.5&#8243; _module_preset=\u00bbdefault\u00bb text_text_color=\u00bb#FFFFFF\u00bb link_text_color=\u00bb#FFFFFF\u00bb custom_margin=\u00bb||10px||false|false\u00bb link_option_url=\u00bbhttps:\/\/maufl.edu\/es\/solicitud-de-admision-de-la-mau\/\u00bb global_colors_info=\u00bb{}\u00bb]<\/p>\n<p>Admisiones locales<\/p>\n<p>[\/et_pb_text][et_pb_text _builder_version=\u00bb4.27.5&#8243; _module_preset=\u00bbdefault\u00bb text_text_color=\u00bb#FFFFFF\u00bb link_text_color=\u00bb#FFFFFF\u00bb custom_margin=\u00bb||10px||false|false\u00bb link_option_url=\u00bbhttps:\/\/maufl.edu\/es\/estudiantes-internacionales\/\u00bb global_colors_info=\u00bb{}\u00bb]<\/p>\n<p>Estudiantes internacionales<\/p>\n<p>[\/et_pb_text][et_pb_text _builder_version=\u00bb4.27.5&#8243; _module_preset=\u00bbdefault\u00bb text_text_color=\u00bb#FFFFFF\u00bb link_text_color=\u00bb#FFFFFF\u00bb custom_margin=\u00bb||10px||false|false\u00bb link_option_url=\u00bbhttps:\/\/maufl.edu\/es\/admisiones-en-linea-de-mau\/\u00bb global_colors_info=\u00bb{}\u00bb]<\/p>\n<p>Admisiones online<\/p>\n<p>[\/et_pb_text][et_pb_text _builder_version=\u00bb4.27.5&#8243; _module_preset=\u00bbdefault\u00bb text_text_color=\u00bb#FFFFFF\u00bb link_text_color=\u00bb#FFFFFF\u00bb custom_margin=\u00bb||10px||false|false\u00bb link_option_url=\u00bbhttps:\/\/maufl.edu\/es\/informacion-sobre-becas\/\u00bb global_colors_info=\u00bb{}\u00bb]<\/p>\n<p>Becas<\/p>\n<p>[\/et_pb_text][et_pb_text _builder_version=\u00bb4.27.5&#8243; _module_preset=\u00bbdefault\u00bb text_text_color=\u00bb#FFFFFF\u00bb link_text_color=\u00bb#FFFFFF\u00bb custom_margin=\u00bb||10px||false|false\u00bb link_option_url=\u00bbhttps:\/\/maufl.edu\/es\/ayuda-financiera\/\u00bb global_colors_info=\u00bb{}\u00bb]<\/p>\n<p>Ayuda financiera<\/p>\n<p>[\/et_pb_text][\/et_pb_column][et_pb_column type=\u00bb1_3&#8243; _builder_version=\u00bb4.19.1&#8243; _module_preset=\u00bbdefault\u00bb global_colors_info=\u00bb{}\u00bb][et_pb_text _builder_version=\u00bb4.27.4&#8243; _module_preset=\u00bb855337e7-3a50-43d0-8885-895a03dd2869&#8243; header_4_font=\u00bb|600|||||||\u00bb header_4_text_color=\u00bb#FFFFFF\u00bb custom_margin=\u00bb10px||10px||true|false\u00bb custom_padding=\u00bb20px||||false|false\u00bb border_color_all=\u00bbrgba(255,255,255,0.2)\u00bb border_width_top=\u00bb1px\u00bb global_colors_info=\u00bb{}\u00bb]<\/p>\n<h4>Trayectorias profesionales<\/h4>\n<p>[\/et_pb_text][et_pb_text _builder_version=\u00bb4.27.5&#8243; _module_preset=\u00bbdefault\u00bb text_text_color=\u00bb#FFFFFF\u00bb link_text_color=\u00bb#FFFFFF\u00bb custom_margin=\u00bb||10px||false|false\u00bb link_option_url=\u00bbhttps:\/\/maufl.edu\/es\/administracion-de-empresas\/\u00bb locked=\u00bboff\u00bb global_colors_info=\u00bb{}\u00bb]<\/p>\n<p>Administraci\u00f3n de Empresas<\/p>\n<p>[\/et_pb_text][et_pb_text _builder_version=\u00bb4.27.5&#8243; _module_preset=\u00bbdefault\u00bb text_text_color=\u00bb#FFFFFF\u00bb link_text_color=\u00bb#FFFFFF\u00bb custom_margin=\u00bb||10px||false|false\u00bb link_option_url=\u00bbhttps:\/\/maufl.edu\/es\/gestion-internacional\/\u00bb locked=\u00bboff\u00bb global_colors_info=\u00bb{}\u00bb]<\/p>\n<p>Gesti\u00f3n Internacional<\/p>\n<p>[\/et_pb_text][et_pb_text _builder_version=\u00bb4.27.5&#8243; _module_preset=\u00bbdefault\u00bb text_text_color=\u00bb#FFFFFF\u00bb link_text_color=\u00bb#FFFFFF\u00bb custom_margin=\u00bb||10px||false|false\u00bb link_option_url=\u00bbhttps:\/\/maufl.edu\/es\/recursos-humanos\/\u00bb locked=\u00bboff\u00bb global_colors_info=\u00bb{}\u00bb]<\/p>\n<p>Recursos Humanos<\/p>\n<p>[\/et_pb_text][et_pb_text _builder_version=\u00bb4.27.5&#8243; _module_preset=\u00bbdefault\u00bb text_text_color=\u00bb#FFFFFF\u00bb link_text_color=\u00bb#FFFFFF\u00bb custom_margin=\u00bb||40px||false|false\u00bb link_option_url=\u00bbhttps:\/\/maufl.edu\/school-of-entrepreneurship\/\u00bb locked=\u00bboff\u00bb global_colors_info=\u00bb{}\u00bb]<\/p>\n<p>Emprendimiento<\/p>\n<p>[\/et_pb_text][et_pb_text _builder_version=\u00bb4.27.4&#8243; _module_preset=\u00bb855337e7-3a50-43d0-8885-895a03dd2869&#8243; header_4_font=\u00bb|600|||||||\u00bb header_4_text_color=\u00bb#FFFFFF\u00bb custom_margin=\u00bb10px||10px||true|false\u00bb custom_padding=\u00bb20px||||false|false\u00bb border_color_all=\u00bbrgba(255,255,255,0.2)\u00bb border_width_top=\u00bb1px\u00bb locked=\u00bboff\u00bb global_colors_info=\u00bb{}\u00bb]<\/p>\n<h4>Recursos<\/h4>\n<p>[\/et_pb_text][et_pb_text _builder_version=\u00bb4.27.5&#8243; _module_preset=\u00bbdefault\u00bb text_text_color=\u00bb#FFFFFF\u00bb link_text_color=\u00bb#FFFFFF\u00bb custom_margin=\u00bb||10px||false|false\u00bb link_option_url=\u00bbhttps:\/\/maufl.edu\/wp-content\/uploads\/2026\/02\/mau-academic-calendar.pdf\u00bb link_option_url_new_window=\u00bbon\u00bb locked=\u00bboff\u00bb global_colors_info=\u00bb{}\u00bb]<\/p>\n<p>Calendario acad\u00e9mico<\/p>\n<p>[\/et_pb_text][et_pb_text _builder_version=\u00bb4.27.4&#8243; _module_preset=\u00bbdefault\u00bb text_text_color=\u00bb#FFFFFF\u00bb link_text_color=\u00bb#FFFFFF\u00bb custom_margin=\u00bb||10px||false|false\u00bb global_colors_info=\u00bb{}\u00bb]<\/p>\n<p>Portales<\/p>\n<p>[\/et_pb_text][et_pb_text _builder_version=\u00bb4.27.5&#8243; _module_preset=\u00bbdefault\u00bb text_text_color=\u00bb#FFFFFF\u00bb link_text_color=\u00bb#FFFFFF\u00bb custom_margin=\u00bb||10px||false|false\u00bb link_option_url=\u00bbhttps:\/\/maufl.edu\/es\/acreditacion\/\u00bb locked=\u00bboff\u00bb global_colors_info=\u00bb{}\u00bb]<\/p>\n<p>Acreditaci\u00f3n<\/p>\n<p>[\/et_pb_text][et_pb_text _builder_version=\u00bb4.27.5&#8243; _module_preset=\u00bbdefault\u00bb text_text_color=\u00bb#FFFFFF\u00bb link_text_color=\u00bb#FFFFFF\u00bb custom_margin=\u00bb||10px||false|false\u00bb link_option_url=\u00bbhttps:\/\/maufl.edu\/es\/realizar-un-pago\/\u00bb locked=\u00bboff\u00bb global_colors_info=\u00bb{}\u00bb]<\/p>\n<p>Realizar un pago<\/p>\n<p>[\/et_pb_text][et_pb_text _builder_version=\u00bb4.27.5&#8243; _module_preset=\u00bbdefault\u00bb text_text_color=\u00bb#FFFFFF\u00bb link_text_color=\u00bb#FFFFFF\u00bb custom_margin=\u00bb||10px||false|false\u00bb link_option_url=\u00bbhttps:\/\/maufl.edu\/wp-content\/uploads\/2026\/02\/MAU-Catalog-Volume-16-No-4-2025-2026-updated-December-15-2025.pdf\u00bb link_option_url_new_window=\u00bbon\u00bb locked=\u00bboff\u00bb global_colors_info=\u00bb{}\u00bb]<\/p>\n<p>Cat\u00e1logo<\/p>\n<p>[\/et_pb_text][et_pb_text _builder_version=\u00bb4.27.5&#8243; _module_preset=\u00bbdefault\u00bb text_text_color=\u00bb#FFFFFF\u00bb link_text_color=\u00bb#FFFFFF\u00bb custom_margin=\u00bb||10px||false|false\u00bb link_option_url=\u00bbhttps:\/\/maufl.edu\/es\/informacion-al-consumidor-para-estudiantes\/\u00bb locked=\u00bboff\u00bb global_colors_info=\u00bb{}\u00bb]<\/p>\n<p>Informaci\u00f3n al consumidor estudiantil<\/p>\n<p>[\/et_pb_text][et_pb_text _builder_version=\u00bb4.27.5&#8243; _module_preset=\u00bbdefault\u00bb text_text_color=\u00bb#FFFFFF\u00bb link_text_color=\u00bb#FFFFFF\u00bb custom_margin=\u00bb||10px||false|false\u00bb link_option_url=\u00bbhttps:\/\/outlook.office365.com\/mail\/\u00bb link_option_url_new_window=\u00bbon\u00bb locked=\u00bboff\u00bb global_colors_info=\u00bb{}\u00bb]<\/p>\n<p>Correo electr\u00f3nico del personal<\/p>\n<p>[\/et_pb_text][et_pb_text _builder_version=\u00bb4.27.5&#8243; _module_preset=\u00bbdefault\u00bb text_text_color=\u00bb#FFFFFF\u00bb link_text_color=\u00bb#FFFFFF\u00bb custom_margin=\u00bb||10px||false|false\u00bb link_option_url=\u00bbhttps:\/\/maufl.edu\/es\/politica-de-privacidad\/\u00bb locked=\u00bboff\u00bb global_colors_info=\u00bb{}\u00bb]<\/p>\n<p>Pol\u00edtica de privacidad<\/p>\n<p>[\/et_pb_text][\/et_pb_column][\/et_pb_row][\/et_pb_section]<\/p>\n","protected":false},"excerpt":{"rendered":"<p>Veteranos y militares en activo<div class=\"et_pb_module dsm_breadcrumbs dsm_breadcrumbs_0\">\n\t\t\t\t\n\t\t\t\t\n\t\t\t\t\n\t\t\t\t\n\t\t\t\t\n\t\t\t\t\n\t\t\t\t<div class=\"et_pb_module_inner\">\n\t\t\t\t\t<nav class=\"dsm_breadcrumbs_wrap\" role=\"navigation\" itemscope=\"\" itemtype=\"http:\/\/schema.org\/SiteNavigationElement\">\n\t\t\t\t<ul class=\"dsm_breadcrumbs\">\n\t\t\t<li class='dsm_breadcrumbs_item dsm_home_item dsm_home_item_custom'>\n\t\t\t\t<a href=\"https:\/\/maufl.edu\/es\/\" itemprop=\"url\">\n\t\t\t\t\t<span class='dsm_home_text_wrapper'>\n\t\t\t\t\t\t\t\t\t\t\t\t\t<span class=\"et-pb-icon dsm_home_icon\">\ue009<\/span>\n\t\t\t\t\t\t\t\t\t\t\t\t\t<span class=\"dsm_home_text\" itemprop=\"name\">\n\t\t\t\t\t\t\t\tHome\t\t\t\t\t\t\t<\/span>\n\t\t\t\t\t<\/span>\n\t\t\t\t<\/a>\n\t\t\t<\/li>\n\n\t\t<\/ul>\n\t\t\t<\/nav>\n\t\t\t\t<\/div>\n\t\t\t<\/div>En 2011, Millennia Atlantic University se uni\u00f3 al Programa Yellow Ribbon administrado por el Departamento de Asuntos de Veteranos de Florida. &nbsp; MAU invita a los veteranos y miembros del servicio de los Estados Unidos a presentar su [&hellip;]<\/p>\n","protected":false},"author":1,"featured_media":0,"parent":0,"menu_order":0,"comment_status":"closed","ping_status":"closed","template":"","meta":{"_et_pb_use_builder":"on","_et_pb_old_content":"","_et_gb_content_width":"","_mc_calendar":[],"footnotes":""},"class_list":["post-1005427","page","type-page","status-publish","hentry"],"_links":{"self":[{"href":"https:\/\/maufl.edu\/es\/wp-json\/wp\/v2\/pages\/1005427","targetHints":{"allow":["GET"]}}],"collection":[{"href":"https:\/\/maufl.edu\/es\/wp-json\/wp\/v2\/pages"}],"about":[{"href":"https:\/\/maufl.edu\/es\/wp-json\/wp\/v2\/types\/page"}],"author":[{"embeddable":true,"href":"https:\/\/maufl.edu\/es\/wp-json\/wp\/v2\/users\/1"}],"replies":[{"embeddable":true,"href":"https:\/\/maufl.edu\/es\/wp-json\/wp\/v2\/comments?post=1005427"}],"version-history":[{"count":2,"href":"https:\/\/maufl.edu\/es\/wp-json\/wp\/v2\/pages\/1005427\/revisions"}],"predecessor-version":[{"id":1005429,"href":"https:\/\/maufl.edu\/es\/wp-json\/wp\/v2\/pages\/1005427\/revisions\/1005429"}],"wp:attachment":[{"href":"https:\/\/maufl.edu\/es\/wp-json\/wp\/v2\/media?parent=1005427"}],"curies":[{"name":"wp","href":"https:\/\/api.w.org\/{rel}","templated":true}]}}